{"id":32,"date":"2019-05-11T17:06:16","date_gmt":"2019-05-11T17:06:16","guid":{"rendered":"https:\/\/kingsclub-band.de\/?page_id=32"},"modified":"2024-03-04T13:57:36","modified_gmt":"2024-03-04T13:57:36","slug":"referenzen","status":"publish","type":"page","link":"https:\/\/kingsclub-band.de\/?page_id=32","title":{"rendered":"Referenzen"},"content":{"rendered":"\n<p>Die \u201eD. King\u00b4s Club Band\u201c&nbsp;wurde im Oktober 2018 gegr\u00fcndet, und seit dem Fr\u00fchjahr 2019 tritt die Band regelm\u00e4\u00dfig live auf.<\/p>\n\n\n\n<p>Das &#8222;line up&#8220; der &#8222;D.King\u00b4s Club Band&#8220; ist mehr als erfahren und kann auf zusammen \u00fcber 120 Jahre und 2000+ Auftritte B\u00fchnenerfahrung zur\u00fcckgreifen.&nbsp;<\/p>\n\n\n\n<p>In zahlreichen und namhaften Bands sind sie im Gro\u00dfraum Koblenz in den letzten Jahren, sogar Jahrzehnten aktiv gewesen, so z.B.:<\/p>\n\n\n\n<p>Diane King (lead vocals) : <\/p>\n\n\n<ul style=\"padding-left: 5%;\">\n<li>X-Brass&#8217;O Band, Slap Shot, Eine Band namens Wanda, Born To Be Saftig, Betty Booster, Band Nr. 10, &#8230;<\/li>\n<\/ul>\n\n\n<p>Chris Schmitt (guitar, vocals) :&nbsp;<\/p>\n\n\n<ul style=\"padding-left: 5%;\">\n<li>The Beat Radicals, Grandma\u00b4s Couch, Mega-Band, The Peteles, Fiedel Joe &amp; Co, &#8230;<\/li>\n<\/ul>\n\n\n<p>Daniel Kleiter (keys) :<\/p>\n\n\n\n<ul class=\"wp-block-list\">\n<li>Beaker&#8217;s Mom, Rebecca &amp; Daniel, &#8230;&nbsp;<\/li>\n<\/ul>\n\n\n\n<p>Volker Born (bass) :<\/p>\n\n\n<ul style=\"padding-left: 5%;\">\n<li>Born To Be Saftig, Betty Booster, Haste T\u00f6ne Band, Live &amp; Acoustic X, fwr-Big Band, Big Band Georg Wolf, &#8230;&nbsp;<\/li>\n<\/ul>\n\n\n<p>Torsten Garbe (drums, vocals) : <\/p>\n\n\n<ul style=\"padding-left: 5%;\">\n<li>New Sensation, Caveman Counts, Ohne Filter Neuwied, Derek &amp; The Claptones, \u2026<\/li>\n<\/ul>\n\n\n<figure class=\"wp-block-gallery has-nested-images columns-default is-cropped wp-block-gallery-1 is-layout-flex wp-block-gallery-is-layout-flex\">\n<figure class=\"wp-block-image size-large\"><img loading=\"lazy\" decoding=\"async\" width=\"1024\" height=\"769\" data-id=\"907\" src=\"https:\/\/kingsclub-band.de\/wp-content\/uploads\/2023\/09\/2023-DKCB-G-2-1024x769.jpg\" alt=\"\" class=\"wp-image-907\" srcset=\"https:\/\/kingsclub-band.de\/wp-content\/uploads\/2023\/09\/2023-DKCB-G-2-1024x769.jpg 1024w, https:\/\/kingsclub-band.de\/wp-content\/uploads\/2023\/09\/2023-DKCB-G-2-300x225.jpg 300w, https:\/\/kingsclub-band.de\/wp-content\/uploads\/2023\/09\/2023-DKCB-G-2-768x577.jpg 768w, https:\/\/kingsclub-band.de\/wp-content\/uploads\/2023\/09\/2023-DKCB-G-2-1536x1153.jpg 1536w, https:\/\/kingsclub-band.de\/wp-content\/uploads\/2023\/09\/2023-DKCB-G-2-2048x1537.jpg 2048w\" sizes=\"auto, (max-width: 1024px) 100vw, 1024px\" \/><\/figure>\n<\/figure>\n","protected":false},"excerpt":{"rendered":"<p>Die \u201eD. King\u00b4s Club Band\u201c&nbsp;wurde im Oktober 2018 gegr\u00fcndet, und seit dem Fr\u00fchjahr 2019 tritt die Band regelm\u00e4\u00dfig live auf. Das &#8222;line up&#8220; der &#8222;D.King\u00b4s Club Band&#8220; ist mehr als erfahren und kann auf zusammen \u00fcber 120 Jahre und 2000+ Auftritte B\u00fchnenerfahrung zur\u00fcckgreifen.&nbsp; In zahlreichen und namhaften Bands sind sie im Gro\u00dfraum Koblenz in den letzten Jahren, sogar Jahrzehnten aktiv gewesen, so z.B.: Diane King (lead vocals) : X-Brass&#8217;O Band, Slap Shot, Eine Band namens Wanda, Born To Be Saftig, Betty Booster, Band Nr. 10, &#8230; Chris Schmitt (guitar, vocals) :&nbsp; The Beat Radicals, Grandma\u00b4s Couch, Mega-Band, The Peteles, Fiedel Joe &amp; Co, &#8230; Daniel Kleiter (keys) : Volker Born (bass) : Born To Be Saftig, Betty Booster, Haste T\u00f6ne Band, Live &amp; Acoustic X, fwr-Big Band, Big Band Georg Wolf, &#8230;&nbsp; Torsten Garbe (drums, vocals) : New Sensation, Caveman Counts, Ohne Filter Neuwied, Derek &amp; The Claptones, \u2026<\/p>\n","protected":false},"author":1,"featured_media":0,"parent":0,"menu_order":0,"comment_status":"closed","ping_status":"closed","template":"","meta":{"footnotes":""},"class_list":["post-32","page","type-page","status-publish","hentry"],"yoast_head":"<!-- This site is optimized with the Yoast SEO plugin v27.4 - https:\/\/yoast.com\/product\/yoast-seo-wordpress\/ -->\n<title>Referenzen - D. King\u00b4s Club Band<\/title>\n<meta name=\"robots\" content=\"index, follow, max-snippet:-1, max-image-preview:large, max-video-preview:-1\" \/>\n<link rel=\"canonical\" href=\"https:\/\/kingsclub-band.de\/?page_id=32\" \/>\n<meta property=\"og:locale\" content=\"de_DE\" \/>\n<meta property=\"og:type\" content=\"article\" \/>\n<meta property=\"og:title\" content=\"Referenzen - D. King\u00b4s Club Band\" \/>\n<meta property=\"og:description\" content=\"Die \u201eD. King\u00b4s Club Band\u201c&nbsp;wurde im Oktober 2018 gegr\u00fcndet, und seit dem Fr\u00fchjahr 2019 tritt die Band regelm\u00e4\u00dfig live auf. Das &#8222;line up&#8220; der &#8222;D.King\u00b4s Club Band&#8220; ist mehr als erfahren und kann auf zusammen \u00fcber 120 Jahre und 2000+ Auftritte B\u00fchnenerfahrung zur\u00fcckgreifen.&nbsp; In zahlreichen und namhaften Bands sind sie im Gro\u00dfraum Koblenz in den letzten Jahren, sogar Jahrzehnten aktiv gewesen, so z.B.: Diane King (lead vocals) : X-Brass&#8217;O Band, Slap Shot, Eine Band namens Wanda, Born To Be Saftig, Betty Booster, Band Nr. 10, &#8230; Chris Schmitt (guitar, vocals) :&nbsp; The Beat Radicals, Grandma\u00b4s Couch, Mega-Band, The Peteles, Fiedel Joe &amp; Co, &#8230; Daniel Kleiter (keys) : Volker Born (bass) : Born To Be Saftig, Betty Booster, Haste T\u00f6ne Band, Live &amp; Acoustic X, fwr-Big Band, Big Band Georg Wolf, &#8230;&nbsp; Torsten Garbe (drums, vocals) : New Sensation, Caveman Counts, Ohne Filter Neuwied, Derek &amp; The Claptones, \u2026\" \/>\n<meta property=\"og:url\" content=\"https:\/\/kingsclub-band.de\/?page_id=32\" \/>\n<meta property=\"og:site_name\" content=\"D. King\u00b4s Club Band\" \/>\n<meta property=\"article:modified_time\" content=\"2024-03-04T13:57:36+00:00\" \/>\n<meta property=\"og:image\" content=\"https:\/\/kingsclub-band.de\/wp-content\/uploads\/2023\/09\/2023-DKCB-G-2-1024x769.jpg\" \/>\n<meta name=\"twitter:card\" content=\"summary_large_image\" \/>\n<meta name=\"twitter:label1\" content=\"Gesch\u00e4tzte Lesezeit\" \/>\n\t<meta name=\"twitter:data1\" content=\"1\u00a0Minute\" \/>\n<script type=\"application\/ld+json\" class=\"yoast-schema-graph\">{\"@context\":\"https:\\\/\\\/schema.org\",\"@graph\":[{\"@type\":\"WebPage\",\"@id\":\"https:\\\/\\\/kingsclub-band.de\\\/?page_id=32\",\"url\":\"https:\\\/\\\/kingsclub-band.de\\\/?page_id=32\",\"name\":\"Referenzen - D. King\u00b4s Club Band\",\"isPartOf\":{\"@id\":\"https:\\\/\\\/kingsclub-band.de\\\/#website\"},\"primaryImageOfPage\":{\"@id\":\"https:\\\/\\\/kingsclub-band.de\\\/?page_id=32#primaryimage\"},\"image\":{\"@id\":\"https:\\\/\\\/kingsclub-band.de\\\/?page_id=32#primaryimage\"},\"thumbnailUrl\":\"https:\\\/\\\/kingsclub-band.de\\\/wp-content\\\/uploads\\\/2023\\\/09\\\/2023-DKCB-G-2-1024x769.jpg\",\"datePublished\":\"2019-05-11T17:06:16+00:00\",\"dateModified\":\"2024-03-04T13:57:36+00:00\",\"breadcrumb\":{\"@id\":\"https:\\\/\\\/kingsclub-band.de\\\/?page_id=32#breadcrumb\"},\"inLanguage\":\"de\",\"potentialAction\":[{\"@type\":\"ReadAction\",\"target\":[\"https:\\\/\\\/kingsclub-band.de\\\/?page_id=32\"]}]},{\"@type\":\"ImageObject\",\"inLanguage\":\"de\",\"@id\":\"https:\\\/\\\/kingsclub-band.de\\\/?page_id=32#primaryimage\",\"url\":\"https:\\\/\\\/kingsclub-band.de\\\/wp-content\\\/uploads\\\/2023\\\/09\\\/2023-DKCB-G-2-scaled.jpg\",\"contentUrl\":\"https:\\\/\\\/kingsclub-band.de\\\/wp-content\\\/uploads\\\/2023\\\/09\\\/2023-DKCB-G-2-scaled.jpg\",\"width\":2560,\"height\":1922},{\"@type\":\"BreadcrumbList\",\"@id\":\"https:\\\/\\\/kingsclub-band.de\\\/?page_id=32#breadcrumb\",\"itemListElement\":[{\"@type\":\"ListItem\",\"position\":1,\"name\":\"Startseite\",\"item\":\"https:\\\/\\\/kingsclub-band.de\\\/\"},{\"@type\":\"ListItem\",\"position\":2,\"name\":\"Referenzen\"}]},{\"@type\":\"WebSite\",\"@id\":\"https:\\\/\\\/kingsclub-band.de\\\/#website\",\"url\":\"https:\\\/\\\/kingsclub-band.de\\\/\",\"name\":\"D. King\u00b4s Club Band\",\"description\":\"Vintage Soul-Bluesrock!\",\"potentialAction\":[{\"@type\":\"SearchAction\",\"target\":{\"@type\":\"EntryPoint\",\"urlTemplate\":\"https:\\\/\\\/kingsclub-band.de\\\/?s={search_term_string}\"},\"query-input\":{\"@type\":\"PropertyValueSpecification\",\"valueRequired\":true,\"valueName\":\"search_term_string\"}}],\"inLanguage\":\"de\"}]}<\/script>\n<!-- \/ Yoast SEO plugin. -->","yoast_head_json":{"title":"Referenzen - D. King\u00b4s Club Band","robots":{"index":"index","follow":"follow","max-snippet":"max-snippet:-1","max-image-preview":"max-image-preview:large","max-video-preview":"max-video-preview:-1"},"canonical":"https:\/\/kingsclub-band.de\/?page_id=32","og_locale":"de_DE","og_type":"article","og_title":"Referenzen - D. King\u00b4s Club Band","og_description":"Die \u201eD. King\u00b4s Club Band\u201c&nbsp;wurde im Oktober 2018 gegr\u00fcndet, und seit dem Fr\u00fchjahr 2019 tritt die Band regelm\u00e4\u00dfig live auf. Das &#8222;line up&#8220; der &#8222;D.King\u00b4s Club Band&#8220; ist mehr als erfahren und kann auf zusammen \u00fcber 120 Jahre und 2000+ Auftritte B\u00fchnenerfahrung zur\u00fcckgreifen.&nbsp; In zahlreichen und namhaften Bands sind sie im Gro\u00dfraum Koblenz in den letzten Jahren, sogar Jahrzehnten aktiv gewesen, so z.B.: Diane King (lead vocals) : X-Brass&#8217;O Band, Slap Shot, Eine Band namens Wanda, Born To Be Saftig, Betty Booster, Band Nr. 10, &#8230; Chris Schmitt (guitar, vocals) :&nbsp; The Beat Radicals, Grandma\u00b4s Couch, Mega-Band, The Peteles, Fiedel Joe &amp; Co, &#8230; Daniel Kleiter (keys) : Volker Born (bass) : Born To Be Saftig, Betty Booster, Haste T\u00f6ne Band, Live &amp; Acoustic X, fwr-Big Band, Big Band Georg Wolf, &#8230;&nbsp; Torsten Garbe (drums, vocals) : New Sensation, Caveman Counts, Ohne Filter Neuwied, Derek &amp; The Claptones, \u2026","og_url":"https:\/\/kingsclub-band.de\/?page_id=32","og_site_name":"D. King\u00b4s Club Band","article_modified_time":"2024-03-04T13:57:36+00:00","og_image":[{"url":"https:\/\/kingsclub-band.de\/wp-content\/uploads\/2023\/09\/2023-DKCB-G-2-1024x769.jpg","type":"","width":"","height":""}],"twitter_card":"summary_large_image","twitter_misc":{"Gesch\u00e4tzte Lesezeit":"1\u00a0Minute"},"schema":{"@context":"https:\/\/schema.org","@graph":[{"@type":"WebPage","@id":"https:\/\/kingsclub-band.de\/?page_id=32","url":"https:\/\/kingsclub-band.de\/?page_id=32","name":"Referenzen - D. King\u00b4s Club Band","isPartOf":{"@id":"https:\/\/kingsclub-band.de\/#website"},"primaryImageOfPage":{"@id":"https:\/\/kingsclub-band.de\/?page_id=32#primaryimage"},"image":{"@id":"https:\/\/kingsclub-band.de\/?page_id=32#primaryimage"},"thumbnailUrl":"https:\/\/kingsclub-band.de\/wp-content\/uploads\/2023\/09\/2023-DKCB-G-2-1024x769.jpg","datePublished":"2019-05-11T17:06:16+00:00","dateModified":"2024-03-04T13:57:36+00:00","breadcrumb":{"@id":"https:\/\/kingsclub-band.de\/?page_id=32#breadcrumb"},"inLanguage":"de","potentialAction":[{"@type":"ReadAction","target":["https:\/\/kingsclub-band.de\/?page_id=32"]}]},{"@type":"ImageObject","inLanguage":"de","@id":"https:\/\/kingsclub-band.de\/?page_id=32#primaryimage","url":"https:\/\/kingsclub-band.de\/wp-content\/uploads\/2023\/09\/2023-DKCB-G-2-scaled.jpg","contentUrl":"https:\/\/kingsclub-band.de\/wp-content\/uploads\/2023\/09\/2023-DKCB-G-2-scaled.jpg","width":2560,"height":1922},{"@type":"BreadcrumbList","@id":"https:\/\/kingsclub-band.de\/?page_id=32#breadcrumb","itemListElement":[{"@type":"ListItem","position":1,"name":"Startseite","item":"https:\/\/kingsclub-band.de\/"},{"@type":"ListItem","position":2,"name":"Referenzen"}]},{"@type":"WebSite","@id":"https:\/\/kingsclub-band.de\/#website","url":"https:\/\/kingsclub-band.de\/","name":"D. King\u00b4s Club Band","description":"Vintage Soul-Bluesrock!","potentialAction":[{"@type":"SearchAction","target":{"@type":"EntryPoint","urlTemplate":"https:\/\/kingsclub-band.de\/?s={search_term_string}"},"query-input":{"@type":"PropertyValueSpecification","valueRequired":true,"valueName":"search_term_string"}}],"inLanguage":"de"}]}},"_links":{"self":[{"href":"https:\/\/kingsclub-band.de\/index.php?rest_route=\/wp\/v2\/pages\/32","targetHints":{"allow":["GET"]}}],"collection":[{"href":"https:\/\/kingsclub-band.de\/index.php?rest_route=\/wp\/v2\/pages"}],"about":[{"href":"https:\/\/kingsclub-band.de\/index.php?rest_route=\/wp\/v2\/types\/page"}],"author":[{"embeddable":true,"href":"https:\/\/kingsclub-band.de\/index.php?rest_route=\/wp\/v2\/users\/1"}],"replies":[{"embeddable":true,"href":"https:\/\/kingsclub-band.de\/index.php?rest_route=%2Fwp%2Fv2%2Fcomments&post=32"}],"version-history":[{"count":33,"href":"https:\/\/kingsclub-band.de\/index.php?rest_route=\/wp\/v2\/pages\/32\/revisions"}],"predecessor-version":[{"id":925,"href":"https:\/\/kingsclub-band.de\/index.php?rest_route=\/wp\/v2\/pages\/32\/revisions\/925"}],"wp:attachment":[{"href":"https:\/\/kingsclub-band.de\/index.php?rest_route=%2Fwp%2Fv2%2Fmedia&parent=32"}],"curies":[{"name":"wp","href":"https:\/\/api.w.org\/{rel}","templated":true}]}}