{"id":10,"date":"2019-05-11T16:48:01","date_gmt":"2019-05-11T16:48:01","guid":{"rendered":"https:\/\/kingsclub-band.de\/?page_id=10"},"modified":"2025-06-02T07:40:16","modified_gmt":"2025-06-02T07:40:16","slug":"impressum","status":"publish","type":"page","link":"https:\/\/kingsclub-band.de\/?page_id=10","title":{"rendered":"Impressum"},"content":{"rendered":"\n<p>Die Inhalte dieser Homepage wurden erstellt von:&nbsp;&nbsp;&nbsp;&nbsp;&nbsp;&nbsp;<\/p>\n\n\n\n<p>Christoph Schmitt<br>Neustra\u00dfe 31<br>56237 Oberhaid<\/p>\n\n\n\n<p>Torsten Garbe<br>Taubenweg 14<br>56564 Neuwied<\/p>\n\n\n\n<p>Internet:\u00a0<a href=\"https:\/\/kingsclub-band.de\/\">www.kingsclub-band.de<\/a><br>E-Mail: <a href=\"mailto:info@kingsclub-band.de\">torstengarbe@web.de<\/a><\/p>\n\n\n\n<p>Inhaltlich Verantwortliche gem\u00e4\u00df i.S.d. \u00a7 6 MDStV: Christoph Schmitt, Torsten Garbe<\/p>\n\n\n\n<p>HP-Fotos: Rainer Klaus und Ingo Schmidt<\/p>\n\n\n\n<p>Rechtshinweis<\/p>\n\n\n\n<p>Insbesondere d\u00fcrfen Nachdruck, Aufnahme in Online-Dienste, Internet und Vervielf\u00e4ltigung auf Datentr\u00e4ger wie CD-ROM, DVD-ROM usw., auch auszugsweise, nur nach vorheriger schriftlicher Zustimmung durch www.dldee.de erfolgen.<\/p>\n\n\n\n<p>Copyright-Information<\/p>\n\n\n\n<p>Alle Elemente dieser Website (Bilder, Texte, Videos) sind urheberrechtlich gesch\u00fctzt und d\u00fcrfen ohne vorherige schriftliche Genehmigung nicht weiterverwendet werden.<\/p>\n\n\n\n<p>Hinweis zu externen Links<\/p>\n\n\n\n<p>Mit Urteil vom 12. Mai 1998 hat das Landgericht Hamburg entschieden, dass man durch die Anbringung eines Links die Inhalte der gelinkten Seiten u. U. mit zu verantworten hat. Dies kann, so das LG, nur dadurch verhindert werden, dass man sich ausdr\u00fccklich von diesen Inhalten distanziert. Wir haben auf unseren Seiten Links zu anderen Seiten im Internet. F\u00fcr alle diese Links gilt: Der Betreiber dieser Seite erkl\u00e4rt ausdr\u00fccklich, dass er keinen Einfluss auf die Gestaltung und den Inhalt der gelinkten Seiten hat. Deshalb distanzieren wir uns hiermit ausdr\u00fccklich von allen Inhalten aller gelinkten Seiten dieser Homepage und wir machen uns deren Inhalt nicht zu eigen. Diese Erkl\u00e4rung gilt f\u00fcr alle auf dieser Page angezeigten Links und f\u00fcr alle Inhalte der Seiten, zu denen die hier aufgef\u00fchrten Links f\u00fchren!<\/p>\n","protected":false},"excerpt":{"rendered":"<p>Die Inhalte dieser Homepage wurden erstellt von:&nbsp;&nbsp;&nbsp;&nbsp;&nbsp;&nbsp; Christoph SchmittNeustra\u00dfe 3156237 Oberhaid Torsten GarbeTaubenweg 1456564 Neuwied Internet:\u00a0www.kingsclub-band.deE-Mail: torstengarbe@web.de Inhaltlich Verantwortliche gem\u00e4\u00df i.S.d. \u00a7 6 MDStV: Christoph Schmitt, Torsten Garbe HP-Fotos: Rainer Klaus und Ingo Schmidt Rechtshinweis Insbesondere d\u00fcrfen Nachdruck, Aufnahme in Online-Dienste, Internet und Vervielf\u00e4ltigung auf Datentr\u00e4ger wie CD-ROM, DVD-ROM usw., auch auszugsweise, nur nach vorheriger schriftlicher Zustimmung durch www.dldee.de erfolgen. Copyright-Information Alle Elemente dieser Website (Bilder, Texte, Videos) sind urheberrechtlich gesch\u00fctzt und d\u00fcrfen ohne vorherige schriftliche Genehmigung nicht weiterverwendet werden. Hinweis zu externen Links Mit Urteil vom 12. Mai 1998 hat das Landgericht Hamburg entschieden, dass man durch die Anbringung eines Links die Inhalte der gelinkten Seiten u. U. mit zu verantworten hat. Dies kann, so das LG, nur dadurch verhindert werden, dass man sich ausdr\u00fccklich von diesen Inhalten distanziert. Wir haben auf unseren Seiten Links zu anderen Seiten im Internet. F\u00fcr alle diese Links gilt: Der Betreiber dieser Seite erkl\u00e4rt ausdr\u00fccklich, dass er keinen Einfluss auf die Gestaltung und den Inhalt der gelinkten Seiten hat. Deshalb distanzieren wir uns hiermit ausdr\u00fccklich von allen Inhalten aller gelinkten Seiten dieser Homepage und wir machen uns deren Inhalt nicht zu eigen. Diese Erkl\u00e4rung gilt f\u00fcr alle auf dieser Page angezeigten Links und f\u00fcr alle Inhalte der Seiten, zu denen die hier aufgef\u00fchrten Links f\u00fchren!<\/p>\n","protected":false},"author":1,"featured_media":0,"parent":0,"menu_order":0,"comment_status":"closed","ping_status":"closed","template":"","meta":{"footnotes":""},"class_list":["post-10","page","type-page","status-publish","hentry"],"yoast_head":"<!-- This site is optimized with the Yoast SEO plugin v27.4 - https:\/\/yoast.com\/product\/yoast-seo-wordpress\/ -->\n<title>Impressum - D. King\u00b4s Club Band<\/title>\n<meta name=\"robots\" content=\"index, follow, max-snippet:-1, max-image-preview:large, max-video-preview:-1\" \/>\n<link rel=\"canonical\" href=\"https:\/\/kingsclub-band.de\/?page_id=10\" \/>\n<meta property=\"og:locale\" content=\"de_DE\" \/>\n<meta property=\"og:type\" content=\"article\" \/>\n<meta property=\"og:title\" content=\"Impressum - D. King\u00b4s Club Band\" \/>\n<meta property=\"og:description\" content=\"Die Inhalte dieser Homepage wurden erstellt von:&nbsp;&nbsp;&nbsp;&nbsp;&nbsp;&nbsp; Christoph SchmittNeustra\u00dfe 3156237 Oberhaid Torsten GarbeTaubenweg 1456564 Neuwied Internet:\u00a0www.kingsclub-band.deE-Mail: torstengarbe@web.de Inhaltlich Verantwortliche gem\u00e4\u00df i.S.d. \u00a7 6 MDStV: Christoph Schmitt, Torsten Garbe HP-Fotos: Rainer Klaus und Ingo Schmidt Rechtshinweis Insbesondere d\u00fcrfen Nachdruck, Aufnahme in Online-Dienste, Internet und Vervielf\u00e4ltigung auf Datentr\u00e4ger wie CD-ROM, DVD-ROM usw., auch auszugsweise, nur nach vorheriger schriftlicher Zustimmung durch www.dldee.de erfolgen. Copyright-Information Alle Elemente dieser Website (Bilder, Texte, Videos) sind urheberrechtlich gesch\u00fctzt und d\u00fcrfen ohne vorherige schriftliche Genehmigung nicht weiterverwendet werden. Hinweis zu externen Links Mit Urteil vom 12. Mai 1998 hat das Landgericht Hamburg entschieden, dass man durch die Anbringung eines Links die Inhalte der gelinkten Seiten u. U. mit zu verantworten hat. Dies kann, so das LG, nur dadurch verhindert werden, dass man sich ausdr\u00fccklich von diesen Inhalten distanziert. Wir haben auf unseren Seiten Links zu anderen Seiten im Internet. F\u00fcr alle diese Links gilt: Der Betreiber dieser Seite erkl\u00e4rt ausdr\u00fccklich, dass er keinen Einfluss auf die Gestaltung und den Inhalt der gelinkten Seiten hat. Deshalb distanzieren wir uns hiermit ausdr\u00fccklich von allen Inhalten aller gelinkten Seiten dieser Homepage und wir machen uns deren Inhalt nicht zu eigen. Diese Erkl\u00e4rung gilt f\u00fcr alle auf dieser Page angezeigten Links und f\u00fcr alle Inhalte der Seiten, zu denen die hier aufgef\u00fchrten Links f\u00fchren!\" \/>\n<meta property=\"og:url\" content=\"https:\/\/kingsclub-band.de\/?page_id=10\" \/>\n<meta property=\"og:site_name\" content=\"D. King\u00b4s Club Band\" \/>\n<meta property=\"article:modified_time\" content=\"2025-06-02T07:40:16+00:00\" \/>\n<meta name=\"twitter:card\" content=\"summary_large_image\" \/>\n<meta name=\"twitter:label1\" content=\"Gesch\u00e4tzte Lesezeit\" \/>\n\t<meta name=\"twitter:data1\" content=\"2\u00a0Minuten\" \/>\n<script type=\"application\/ld+json\" class=\"yoast-schema-graph\">{\"@context\":\"https:\\\/\\\/schema.org\",\"@graph\":[{\"@type\":\"WebPage\",\"@id\":\"https:\\\/\\\/kingsclub-band.de\\\/?page_id=10\",\"url\":\"https:\\\/\\\/kingsclub-band.de\\\/?page_id=10\",\"name\":\"Impressum - D. King\u00b4s Club Band\",\"isPartOf\":{\"@id\":\"https:\\\/\\\/kingsclub-band.de\\\/#website\"},\"datePublished\":\"2019-05-11T16:48:01+00:00\",\"dateModified\":\"2025-06-02T07:40:16+00:00\",\"breadcrumb\":{\"@id\":\"https:\\\/\\\/kingsclub-band.de\\\/?page_id=10#breadcrumb\"},\"inLanguage\":\"de\",\"potentialAction\":[{\"@type\":\"ReadAction\",\"target\":[\"https:\\\/\\\/kingsclub-band.de\\\/?page_id=10\"]}]},{\"@type\":\"BreadcrumbList\",\"@id\":\"https:\\\/\\\/kingsclub-band.de\\\/?page_id=10#breadcrumb\",\"itemListElement\":[{\"@type\":\"ListItem\",\"position\":1,\"name\":\"Startseite\",\"item\":\"https:\\\/\\\/kingsclub-band.de\\\/\"},{\"@type\":\"ListItem\",\"position\":2,\"name\":\"Impressum\"}]},{\"@type\":\"WebSite\",\"@id\":\"https:\\\/\\\/kingsclub-band.de\\\/#website\",\"url\":\"https:\\\/\\\/kingsclub-band.de\\\/\",\"name\":\"D. King\u00b4s Club Band\",\"description\":\"Vintage Soul-Bluesrock!\",\"potentialAction\":[{\"@type\":\"SearchAction\",\"target\":{\"@type\":\"EntryPoint\",\"urlTemplate\":\"https:\\\/\\\/kingsclub-band.de\\\/?s={search_term_string}\"},\"query-input\":{\"@type\":\"PropertyValueSpecification\",\"valueRequired\":true,\"valueName\":\"search_term_string\"}}],\"inLanguage\":\"de\"}]}<\/script>\n<!-- \/ Yoast SEO plugin. -->","yoast_head_json":{"title":"Impressum - D. King\u00b4s Club Band","robots":{"index":"index","follow":"follow","max-snippet":"max-snippet:-1","max-image-preview":"max-image-preview:large","max-video-preview":"max-video-preview:-1"},"canonical":"https:\/\/kingsclub-band.de\/?page_id=10","og_locale":"de_DE","og_type":"article","og_title":"Impressum - D. King\u00b4s Club Band","og_description":"Die Inhalte dieser Homepage wurden erstellt von:&nbsp;&nbsp;&nbsp;&nbsp;&nbsp;&nbsp; Christoph SchmittNeustra\u00dfe 3156237 Oberhaid Torsten GarbeTaubenweg 1456564 Neuwied Internet:\u00a0www.kingsclub-band.deE-Mail: torstengarbe@web.de Inhaltlich Verantwortliche gem\u00e4\u00df i.S.d. \u00a7 6 MDStV: Christoph Schmitt, Torsten Garbe HP-Fotos: Rainer Klaus und Ingo Schmidt Rechtshinweis Insbesondere d\u00fcrfen Nachdruck, Aufnahme in Online-Dienste, Internet und Vervielf\u00e4ltigung auf Datentr\u00e4ger wie CD-ROM, DVD-ROM usw., auch auszugsweise, nur nach vorheriger schriftlicher Zustimmung durch www.dldee.de erfolgen. Copyright-Information Alle Elemente dieser Website (Bilder, Texte, Videos) sind urheberrechtlich gesch\u00fctzt und d\u00fcrfen ohne vorherige schriftliche Genehmigung nicht weiterverwendet werden. Hinweis zu externen Links Mit Urteil vom 12. Mai 1998 hat das Landgericht Hamburg entschieden, dass man durch die Anbringung eines Links die Inhalte der gelinkten Seiten u. U. mit zu verantworten hat. Dies kann, so das LG, nur dadurch verhindert werden, dass man sich ausdr\u00fccklich von diesen Inhalten distanziert. Wir haben auf unseren Seiten Links zu anderen Seiten im Internet. F\u00fcr alle diese Links gilt: Der Betreiber dieser Seite erkl\u00e4rt ausdr\u00fccklich, dass er keinen Einfluss auf die Gestaltung und den Inhalt der gelinkten Seiten hat. Deshalb distanzieren wir uns hiermit ausdr\u00fccklich von allen Inhalten aller gelinkten Seiten dieser Homepage und wir machen uns deren Inhalt nicht zu eigen. Diese Erkl\u00e4rung gilt f\u00fcr alle auf dieser Page angezeigten Links und f\u00fcr alle Inhalte der Seiten, zu denen die hier aufgef\u00fchrten Links f\u00fchren!","og_url":"https:\/\/kingsclub-band.de\/?page_id=10","og_site_name":"D. King\u00b4s Club Band","article_modified_time":"2025-06-02T07:40:16+00:00","twitter_card":"summary_large_image","twitter_misc":{"Gesch\u00e4tzte Lesezeit":"2\u00a0Minuten"},"schema":{"@context":"https:\/\/schema.org","@graph":[{"@type":"WebPage","@id":"https:\/\/kingsclub-band.de\/?page_id=10","url":"https:\/\/kingsclub-band.de\/?page_id=10","name":"Impressum - D. King\u00b4s Club Band","isPartOf":{"@id":"https:\/\/kingsclub-band.de\/#website"},"datePublished":"2019-05-11T16:48:01+00:00","dateModified":"2025-06-02T07:40:16+00:00","breadcrumb":{"@id":"https:\/\/kingsclub-band.de\/?page_id=10#breadcrumb"},"inLanguage":"de","potentialAction":[{"@type":"ReadAction","target":["https:\/\/kingsclub-band.de\/?page_id=10"]}]},{"@type":"BreadcrumbList","@id":"https:\/\/kingsclub-band.de\/?page_id=10#breadcrumb","itemListElement":[{"@type":"ListItem","position":1,"name":"Startseite","item":"https:\/\/kingsclub-band.de\/"},{"@type":"ListItem","position":2,"name":"Impressum"}]},{"@type":"WebSite","@id":"https:\/\/kingsclub-band.de\/#website","url":"https:\/\/kingsclub-band.de\/","name":"D. King\u00b4s Club Band","description":"Vintage Soul-Bluesrock!","potentialAction":[{"@type":"SearchAction","target":{"@type":"EntryPoint","urlTemplate":"https:\/\/kingsclub-band.de\/?s={search_term_string}"},"query-input":{"@type":"PropertyValueSpecification","valueRequired":true,"valueName":"search_term_string"}}],"inLanguage":"de"}]}},"_links":{"self":[{"href":"https:\/\/kingsclub-band.de\/index.php?rest_route=\/wp\/v2\/pages\/10","targetHints":{"allow":["GET"]}}],"collection":[{"href":"https:\/\/kingsclub-band.de\/index.php?rest_route=\/wp\/v2\/pages"}],"about":[{"href":"https:\/\/kingsclub-band.de\/index.php?rest_route=\/wp\/v2\/types\/page"}],"author":[{"embeddable":true,"href":"https:\/\/kingsclub-band.de\/index.php?rest_route=\/wp\/v2\/users\/1"}],"replies":[{"embeddable":true,"href":"https:\/\/kingsclub-band.de\/index.php?rest_route=%2Fwp%2Fv2%2Fcomments&post=10"}],"version-history":[{"count":16,"href":"https:\/\/kingsclub-band.de\/index.php?rest_route=\/wp\/v2\/pages\/10\/revisions"}],"predecessor-version":[{"id":998,"href":"https:\/\/kingsclub-band.de\/index.php?rest_route=\/wp\/v2\/pages\/10\/revisions\/998"}],"wp:attachment":[{"href":"https:\/\/kingsclub-band.de\/index.php?rest_route=%2Fwp%2Fv2%2Fmedia&parent=10"}],"curies":[{"name":"wp","href":"https:\/\/api.w.org\/{rel}","templated":true}]}}